{"id":64,"date":"2026-04-22T20:36:26","date_gmt":"2026-04-22T18:36:26","guid":{"rendered":"https:\/\/www.klackova-design.com\/?page_id=64"},"modified":"2026-04-27T19:57:58","modified_gmt":"2026-04-27T17:57:58","slug":"emergency-game","status":"publish","type":"page","link":"https:\/\/www.klackova-design.com\/?page_id=64","title":{"rendered":"Emergency game"},"content":{"rendered":"\t\t<div data-elementor-type=\"wp-page\" data-elementor-id=\"64\" class=\"elementor elementor-64\">\n\t\t\t\t<div class=\"elementor-element elementor-element-1964a91 e-flex e-con-boxed e-con e-parent\" data-id=\"1964a91\" data-element_type=\"container\" data-e-type=\"container\">\n\t\t\t\t\t<div class=\"e-con-inner\">\n\t\t\t\t<div class=\"elementor-element elementor-element-86584e2 elementor-widget elementor-widget-spacer\" data-id=\"86584e2\" data-element_type=\"widget\" data-e-type=\"widget\" data-widget_type=\"spacer.default\">\n\t\t\t\t\t\t\t<div class=\"elementor-spacer\">\n\t\t\t<div class=\"elementor-spacer-inner\"><\/div>\n\t\t<\/div>\n\t\t\t\t\t\t<\/div>\n\t\t\t\t\t<\/div>\n\t\t\t\t<\/div>\n\t\t<div class=\"elementor-element elementor-element-dbcbebe e-flex e-con-boxed e-con e-parent\" data-id=\"dbcbebe\" data-element_type=\"container\" data-e-type=\"container\" data-settings=\"{&quot;background_background&quot;:&quot;classic&quot;}\">\n\t\t\t\t\t<div class=\"e-con-inner\">\n\t\t\t\t\t\t\t\n\t\t<img class=\"e-image-base e-e1a88b3-8a7ffaa\" \n\t\t\t\t\tdata-interaction-id=\"e1a88b3\" \n\t\t \n\t\t \n\t\t\t\t\t\t\t\t\tid=\"68\"\n\t\t\t\t\t\t\t\t\t\t\t\tsrc=\"https:\/\/www.klackova-design.com\/wp-content\/uploads\/2026\/04\/26300234_logo-2048x1208.png\"\n\t\t\t\t\t\t\t\t\t\t\t\twidth=\"2048\"\n\t\t\t\t\t\t\t\t\t\t\t\theight=\"1208\"\n\t\t\t\t\t\t\t\t\t\t\t\tsrcset=\"https:\/\/www.klackova-design.com\/wp-content\/uploads\/2026\/04\/26300234_logo-2048x1208.png 2048w, https:\/\/www.klackova-design.com\/wp-content\/uploads\/2026\/04\/26300234_logo-300x177.png 300w, https:\/\/www.klackova-design.com\/wp-content\/uploads\/2026\/04\/26300234_logo-1024x604.png 1024w, https:\/\/www.klackova-design.com\/wp-content\/uploads\/2026\/04\/26300234_logo-768x453.png 768w, https:\/\/www.klackova-design.com\/wp-content\/uploads\/2026\/04\/26300234_logo-1536x906.png 1536w\"\n\t\t\t\t\t\t\t\t\t\t\t\talt=\"\"\n\t\t\t\t\t\t\/>\n\t\t\t\t\t\t<\/div>\n\t\t\t\t<\/div>\n\t\t<div class=\"elementor-element elementor-element-e8db9ca e-flex e-con-boxed e-con e-parent\" data-id=\"e8db9ca\" data-element_type=\"container\" data-e-type=\"container\">\n\t\t\t\t\t<div class=\"e-con-inner\">\n\t\t\t\t<div class=\"elementor-element elementor-element-71ff42d elementor-widget elementor-widget-spacer\" data-id=\"71ff42d\" data-element_type=\"widget\" data-e-type=\"widget\" data-widget_type=\"spacer.default\">\n\t\t\t\t\t\t\t<div class=\"elementor-spacer\">\n\t\t\t<div class=\"elementor-spacer-inner\"><\/div>\n\t\t<\/div>\n\t\t\t\t\t\t<\/div>\n\t\t\t\t\t<\/div>\n\t\t\t\t<\/div>\n\t\t<div class=\"elementor-element elementor-element-71ca309 e-flex e-con-boxed e-con e-parent\" data-id=\"71ca309\" data-element_type=\"container\" data-e-type=\"container\" data-settings=\"{&quot;background_background&quot;:&quot;gradient&quot;}\">\n\t\t\t\t\t<div class=\"e-con-inner\">\n\t\t\t\t<div class=\"elementor-element elementor-element-1666012 elementor-widget elementor-widget-text-editor\" data-id=\"1666012\" data-element_type=\"widget\" data-e-type=\"widget\" data-widget_type=\"text-editor.default\">\n\t\t\t\t\t\t\t\t\t<p data-path-to-node=\"3\"><span class=\"\">Pro projekt <strong>Emergency Game<\/strong> jsem vytvo\u0159ila rebranding a komplexn\u00ed vizu\u00e1ln\u00ed identitu,<\/span><span class=\"\"> kter\u00e1 v sob\u011b kombinuje adrenalin,<\/span><span class=\"\"> strategii a p\u0159ehlednost.<\/span><span class=\"\"> Z\u00e1kladem je dynamick\u00e1 barevn\u00e1 paleta:<\/span> <b class=\"\" data-path-to-node=\"3\" data-index-in-node=\"168\">ak\u010dn\u00ed \u010derven\u00e1<\/b><span class=\"\"> pro vyj\u00e1d\u0159en\u00ed urgence a energie,<\/span> <b class=\"\" data-path-to-node=\"3\" data-index-in-node=\"215\">\u010dist\u00e1 b\u00edl\u00e1<\/b><span class=\"\"> pro nezbytn\u00fd vizu\u00e1ln\u00ed odstup a <\/span><b class=\"\" data-path-to-node=\"3\" data-index-in-node=\"257\">taktick\u00e1 modr\u00e1<\/b><span class=\"\">,<\/span><span class=\"\"> kter\u00e1 vn\u00e1\u0161\u00ed do cel\u00e9ho konceptu prvek profesionality a rozvahy.<\/span><span class=\"\"> Typografii dominuje dominantn\u00ed font <\/span><b class=\"\" data-path-to-node=\"3\" data-index-in-node=\"372\">Bebas Neue<\/b><span class=\"\"> pro nekompromisn\u00ed nadpisy s vysok\u00fdm dopadem,<\/span><span class=\"\"> kter\u00e9 dopl\u0148uje maxim\u00e1ln\u011b \u010diteln\u00fd font <\/span><b class=\"\" data-path-to-node=\"3\" data-index-in-node=\"466\">Inter<\/b><span class=\"\"> pro ve\u0161kerou textovou komunikaci.<\/span><\/p><p data-path-to-node=\"4\"><span class=\"\">Tento vizu\u00e1ln\u00ed syst\u00e9m jsme n\u00e1sledn\u011b aplikovali nap\u0159\u00ed\u010d v\u0161emi v\u00fdstupy \u2013 od digit\u00e1ln\u00ed grafiky a\u017e po fyzick\u00e9 tiskoviny.<\/span><span class=\"\"> Sou\u010d\u00e1st\u00ed identity je i unik\u00e1tn\u00ed vzor pro d\u00e1rkov\u00e9 poukazy a dal\u0161\u00ed prezenta\u010dn\u00ed materi\u00e1ly,<\/span><span class=\"\"> kter\u00e9 si d\u00edky sv\u00e9 grafick\u00e9 konzistenci okam\u017eit\u011b spoj\u00edte s Emergency game.<\/span><span class=\"\"> V\u0161echny prvky jsou navr\u017eeny tak,<\/span><span class=\"\"> aby fungovaly v dokonal\u00e9 harmonii a budovaly silnou,<\/span><span class=\"\"> rozpoznatelnou zna\u010dku.<\/span><\/p>\t\t\t\t\t\t\t\t<\/div>\n\t\t\t\t\t<\/div>\n\t\t\t\t<\/div>\n\t\t<div class=\"elementor-element elementor-element-733b380 e-con-full e-flex e-con e-parent\" data-id=\"733b380\" data-element_type=\"container\" data-e-type=\"container\" data-settings=\"{&quot;background_background&quot;:&quot;gradient&quot;}\">\n\t\t<div class=\"elementor-element elementor-element-bd16b49 e-con-full e-flex e-con e-child\" data-id=\"bd16b49\" data-element_type=\"container\" data-e-type=\"container\">\n\t\t\t\t\t\t\t\n\t\t<img class=\"e-image-base \" \n\t\t\t\t\tdata-interaction-id=\"2b43061\" \n\t\t \n\t\t \n\t\t\t\t\t\t\t\t\tid=\"119\"\n\t\t\t\t\t\t\t\t\t\t\t\tsrc=\"https:\/\/www.klackova-design.com\/wp-content\/uploads\/2026\/04\/barevna-paleta-emg-1.jpg\"\n\t\t\t\t\t\t\t\t\t\t\t\twidth=\"1926\"\n\t\t\t\t\t\t\t\t\t\t\t\theight=\"1376\"\n\t\t\t\t\t\t\t\t\t\t\t\tsrcset=\"https:\/\/www.klackova-design.com\/wp-content\/uploads\/2026\/04\/barevna-paleta-emg-1.jpg 1926w, https:\/\/www.klackova-design.com\/wp-content\/uploads\/2026\/04\/barevna-paleta-emg-1-300x214.jpg 300w, https:\/\/www.klackova-design.com\/wp-content\/uploads\/2026\/04\/barevna-paleta-emg-1-1024x732.jpg 1024w, https:\/\/www.klackova-design.com\/wp-content\/uploads\/2026\/04\/barevna-paleta-emg-1-768x549.jpg 768w, https:\/\/www.klackova-design.com\/wp-content\/uploads\/2026\/04\/barevna-paleta-emg-1-1536x1097.jpg 1536w\"\n\t\t\t\t\t\t\t\t\t\t\t\talt=\"\"\n\t\t\t\t\t\t\/>\n\t\t\t\t\t<\/div>\n\t\t<div class=\"elementor-element elementor-element-90ca2a4 e-con-full e-flex e-con e-child\" data-id=\"90ca2a4\" data-element_type=\"container\" data-e-type=\"container\">\n\t\t\t\t\t\t\t\n\t\t<img class=\"e-image-base \" \n\t\t\t\t\tdata-interaction-id=\"f6d2097\" \n\t\t \n\t\t \n\t\t\t\t\t\t\t\t\tid=\"120\"\n\t\t\t\t\t\t\t\t\t\t\t\tsrc=\"https:\/\/www.klackova-design.com\/wp-content\/uploads\/2026\/04\/Hlavni-texty-Inter-Kurz-evakuace-a-katastrofy-pripravuje-zaky.jpg\"\n\t\t\t\t\t\t\t\t\t\t\t\twidth=\"1477\"\n\t\t\t\t\t\t\t\t\t\t\t\theight=\"953\"\n\t\t\t\t\t\t\t\t\t\t\t\tsrcset=\"https:\/\/www.klackova-design.com\/wp-content\/uploads\/2026\/04\/Hlavni-texty-Inter-Kurz-evakuace-a-katastrofy-pripravuje-zaky.jpg 1477w, https:\/\/www.klackova-design.com\/wp-content\/uploads\/2026\/04\/Hlavni-texty-Inter-Kurz-evakuace-a-katastrofy-pripravuje-zaky-300x194.jpg 300w, https:\/\/www.klackova-design.com\/wp-content\/uploads\/2026\/04\/Hlavni-texty-Inter-Kurz-evakuace-a-katastrofy-pripravuje-zaky-1024x661.jpg 1024w, https:\/\/www.klackova-design.com\/wp-content\/uploads\/2026\/04\/Hlavni-texty-Inter-Kurz-evakuace-a-katastrofy-pripravuje-zaky-768x496.jpg 768w\"\n\t\t\t\t\t\t\t\t\t\t\t\talt=\"\"\n\t\t\t\t\t\t\/>\n\t\t\t\t\t<\/div>\n\t\t\t\t<\/div>\n\t\t<div class=\"elementor-element elementor-element-9de1d38 e-flex e-con-boxed e-con e-parent\" data-id=\"9de1d38\" data-element_type=\"container\" data-e-type=\"container\" data-settings=\"{&quot;background_background&quot;:&quot;gradient&quot;}\">\n\t\t\t\t\t<div class=\"e-con-inner\">\n\t\t\t\t<div class=\"elementor-element elementor-element-56f19e3 elementor-widget elementor-widget-spacer\" data-id=\"56f19e3\" data-element_type=\"widget\" data-e-type=\"widget\" data-widget_type=\"spacer.default\">\n\t\t\t\t\t\t\t<div class=\"elementor-spacer\">\n\t\t\t<div class=\"elementor-spacer-inner\"><\/div>\n\t\t<\/div>\n\t\t\t\t\t\t<\/div>\n\t\t\t\t\t<\/div>\n\t\t\t\t<\/div>\n\t\t<div class=\"elementor-element elementor-element-053c273 e-flex e-con-boxed e-con e-parent\" data-id=\"053c273\" data-element_type=\"container\" data-e-type=\"container\" data-settings=\"{&quot;background_background&quot;:&quot;gradient&quot;}\">\n\t\t\t\t\t<div class=\"e-con-inner\">\n\t\t\t\t<div class=\"elementor-element elementor-element-33bf9e0 elementor-hidden-tablet elementor-hidden-mobile elementor-widget elementor-widget-text-editor\" data-id=\"33bf9e0\" data-element_type=\"widget\" data-e-type=\"widget\" data-widget_type=\"text-editor.default\">\n\t\t\t\t\t\t\t\t\t<p>plak\u00e1t na summer camp &nbsp; &nbsp; &nbsp; &nbsp; &nbsp; &nbsp; &nbsp; &nbsp; &nbsp; &nbsp; &nbsp; &nbsp; &nbsp; &nbsp; &nbsp; &nbsp; &nbsp; &nbsp; &nbsp; &nbsp; &nbsp; &nbsp; &nbsp; &nbsp; &nbsp; &nbsp; &nbsp; &nbsp; &nbsp; &nbsp; &nbsp; &nbsp; &nbsp; &nbsp; &nbsp; &nbsp; &nbsp; &nbsp; &nbsp; &nbsp; &nbsp; &nbsp;roll up &nbsp; &nbsp; &nbsp; &nbsp; &nbsp; &nbsp; &nbsp; &nbsp; &nbsp; &nbsp; &nbsp; &nbsp; &nbsp; &nbsp; &nbsp; &nbsp; &nbsp; &nbsp; &nbsp; &nbsp; &nbsp; &nbsp; &nbsp; &nbsp; &nbsp; &nbsp; &nbsp; &nbsp; &nbsp; &nbsp; &nbsp; &nbsp; &nbsp; &nbsp; &nbsp; &nbsp; &nbsp; &nbsp; &nbsp; &nbsp; &nbsp; &nbsp; &nbsp; &nbsp; &nbsp; &nbsp; &nbsp; &nbsp; &nbsp; univerz\u00e1ln\u00ed plak\u00e1t<\/p>\t\t\t\t\t\t\t\t<\/div>\n\t\t\t\t\t<\/div>\n\t\t\t\t<\/div>\n\t\t<div class=\"elementor-element elementor-element-c390ebd e-con-full e-flex e-con e-parent\" data-id=\"c390ebd\" data-element_type=\"container\" data-e-type=\"container\" data-settings=\"{&quot;background_background&quot;:&quot;gradient&quot;}\">\n\t\t<div class=\"elementor-element elementor-element-e5aa79d e-con-full e-flex e-con e-child\" data-id=\"e5aa79d\" data-element_type=\"container\" data-e-type=\"container\">\n\t\t\t\t\t\t\t\n\t\t<img class=\"e-image-base \" \n\t\t\t\t\tdata-interaction-id=\"af3b4ba\" \n\t\t \n\t\t \n\t\t\t\t\t\t\t\t\tid=\"154\"\n\t\t\t\t\t\t\t\t\t\t\t\tsrc=\"https:\/\/www.klackova-design.com\/wp-content\/uploads\/2026\/04\/SUMMERCAMP-A3-final-scaled.jpg\"\n\t\t\t\t\t\t\t\t\t\t\t\twidth=\"1810\"\n\t\t\t\t\t\t\t\t\t\t\t\theight=\"2560\"\n\t\t\t\t\t\t\t\t\t\t\t\tsrcset=\"https:\/\/www.klackova-design.com\/wp-content\/uploads\/2026\/04\/SUMMERCAMP-A3-final-scaled.jpg 1810w, https:\/\/www.klackova-design.com\/wp-content\/uploads\/2026\/04\/SUMMERCAMP-A3-final-212x300.jpg 212w, https:\/\/www.klackova-design.com\/wp-content\/uploads\/2026\/04\/SUMMERCAMP-A3-final-724x1024.jpg 724w, https:\/\/www.klackova-design.com\/wp-content\/uploads\/2026\/04\/SUMMERCAMP-A3-final-768x1086.jpg 768w, https:\/\/www.klackova-design.com\/wp-content\/uploads\/2026\/04\/SUMMERCAMP-A3-final-1086x1536.jpg 1086w, https:\/\/www.klackova-design.com\/wp-content\/uploads\/2026\/04\/SUMMERCAMP-A3-final-1448x2048.jpg 1448w\"\n\t\t\t\t\t\t\t\t\t\t\t\talt=\"\"\n\t\t\t\t\t\t\/>\n\t\t\t\t\t<\/div>\n\t\t<div class=\"elementor-element elementor-element-b68688e e-con-full e-flex e-con e-child\" data-id=\"b68688e\" data-element_type=\"container\" data-e-type=\"container\">\n\t\t\t\t\t\t\t\n\t\t<img class=\"e-image-base \" \n\t\t\t\t\tdata-interaction-id=\"29230c5\" \n\t\t \n\t\t \n\t\t\t\t\t\t\t\t\tid=\"121\"\n\t\t\t\t\t\t\t\t\t\t\t\tsrc=\"https:\/\/www.klackova-design.com\/wp-content\/uploads\/2026\/04\/roll-up-v4-mockup-final-scaled.jpg\"\n\t\t\t\t\t\t\t\t\t\t\t\twidth=\"1706\"\n\t\t\t\t\t\t\t\t\t\t\t\theight=\"2560\"\n\t\t\t\t\t\t\t\t\t\t\t\tsrcset=\"https:\/\/www.klackova-design.com\/wp-content\/uploads\/2026\/04\/roll-up-v4-mockup-final-scaled.jpg 1706w, https:\/\/www.klackova-design.com\/wp-content\/uploads\/2026\/04\/roll-up-v4-mockup-final-200x300.jpg 200w, https:\/\/www.klackova-design.com\/wp-content\/uploads\/2026\/04\/roll-up-v4-mockup-final-683x1024.jpg 683w, https:\/\/www.klackova-design.com\/wp-content\/uploads\/2026\/04\/roll-up-v4-mockup-final-768x1152.jpg 768w, https:\/\/www.klackova-design.com\/wp-content\/uploads\/2026\/04\/roll-up-v4-mockup-final-1024x1536.jpg 1024w, https:\/\/www.klackova-design.com\/wp-content\/uploads\/2026\/04\/roll-up-v4-mockup-final-1365x2048.jpg 1365w\"\n\t\t\t\t\t\t\t\t\t\t\t\talt=\"\"\n\t\t\t\t\t\t\/>\n\t\t\t\t\t<\/div>\n\t\t<div class=\"elementor-element elementor-element-cbddd97 e-con-full e-flex e-con e-child\" data-id=\"cbddd97\" data-element_type=\"container\" data-e-type=\"container\">\n\t\t\t\t\t\t\t\n\t\t<img class=\"e-image-base \" \n\t\t\t\t\tdata-interaction-id=\"40969fc\" \n\t\t \n\t\t \n\t\t\t\t\t\t\t\t\tid=\"156\"\n\t\t\t\t\t\t\t\t\t\t\t\tsrc=\"https:\/\/www.klackova-design.com\/wp-content\/uploads\/2026\/04\/plakat-EMG-2026-A3-scaled.jpg\"\n\t\t\t\t\t\t\t\t\t\t\t\twidth=\"1810\"\n\t\t\t\t\t\t\t\t\t\t\t\theight=\"2560\"\n\t\t\t\t\t\t\t\t\t\t\t\tsrcset=\"https:\/\/www.klackova-design.com\/wp-content\/uploads\/2026\/04\/plakat-EMG-2026-A3-scaled.jpg 1810w, https:\/\/www.klackova-design.com\/wp-content\/uploads\/2026\/04\/plakat-EMG-2026-A3-212x300.jpg 212w, https:\/\/www.klackova-design.com\/wp-content\/uploads\/2026\/04\/plakat-EMG-2026-A3-724x1024.jpg 724w, https:\/\/www.klackova-design.com\/wp-content\/uploads\/2026\/04\/plakat-EMG-2026-A3-768x1086.jpg 768w, https:\/\/www.klackova-design.com\/wp-content\/uploads\/2026\/04\/plakat-EMG-2026-A3-1086x1536.jpg 1086w, https:\/\/www.klackova-design.com\/wp-content\/uploads\/2026\/04\/plakat-EMG-2026-A3-1448x2048.jpg 1448w\"\n\t\t\t\t\t\t\t\t\t\t\t\talt=\"\"\n\t\t\t\t\t\t\/>\n\t\t\t\t\t<\/div>\n\t\t\t\t<\/div>\n\t\t<div class=\"elementor-element elementor-element-5b395f4 e-flex e-con-boxed e-con e-parent\" data-id=\"5b395f4\" data-element_type=\"container\" data-e-type=\"container\" data-settings=\"{&quot;background_background&quot;:&quot;gradient&quot;}\">\n\t\t\t\t\t<div class=\"e-con-inner\">\n\t\t\t\t<div class=\"elementor-element elementor-element-2374895 elementor-widget elementor-widget-spacer\" data-id=\"2374895\" data-element_type=\"widget\" data-e-type=\"widget\" data-widget_type=\"spacer.default\">\n\t\t\t\t\t\t\t<div class=\"elementor-spacer\">\n\t\t\t<div class=\"elementor-spacer-inner\"><\/div>\n\t\t<\/div>\n\t\t\t\t\t\t<\/div>\n\t\t\t\t\t<\/div>\n\t\t\t\t<\/div>\n\t\t<div class=\"elementor-element elementor-element-6056e5e e-flex e-con-boxed e-con e-parent\" data-id=\"6056e5e\" data-element_type=\"container\" data-e-type=\"container\" data-settings=\"{&quot;background_background&quot;:&quot;classic&quot;}\">\n\t\t\t\t\t<div class=\"e-con-inner\">\n\t\t\t\t<div class=\"elementor-element elementor-element-f1d1e3c elementor-widget elementor-widget-spacer\" data-id=\"f1d1e3c\" data-element_type=\"widget\" data-e-type=\"widget\" data-widget_type=\"spacer.default\">\n\t\t\t\t\t\t\t<div class=\"elementor-spacer\">\n\t\t\t<div class=\"elementor-spacer-inner\"><\/div>\n\t\t<\/div>\n\t\t\t\t\t\t<\/div>\n\t\t\t\t\t<\/div>\n\t\t\t\t<\/div>\n\t\t<div class=\"elementor-element elementor-element-f387e3f e-flex e-con-boxed e-con e-parent\" data-id=\"f387e3f\" data-element_type=\"container\" data-e-type=\"container\" data-settings=\"{&quot;background_background&quot;:&quot;classic&quot;}\">\n\t\t\t\t\t<div class=\"e-con-inner\">\n\t\t\t\t<div class=\"elementor-element elementor-element-d319406 elementor-widget elementor-widget-text-editor\" data-id=\"d319406\" data-element_type=\"widget\" data-e-type=\"widget\" data-widget_type=\"text-editor.default\">\n\t\t\t\t\t\t\t\t\t<p>&nbsp; &nbsp; &nbsp; &nbsp; &nbsp; &nbsp; &nbsp; &nbsp; &nbsp; &nbsp; &nbsp; &nbsp; &nbsp; &nbsp; d\u00e1rkov\u00fd poukaz &nbsp; &nbsp; &nbsp; &nbsp; &nbsp; &nbsp; &nbsp; &nbsp; &nbsp; &nbsp; &nbsp; &nbsp; &nbsp; &nbsp; &nbsp; &nbsp; &nbsp; &nbsp; &nbsp; &nbsp; &nbsp; &nbsp; &nbsp; &nbsp; &nbsp; &nbsp; &nbsp; &nbsp; &nbsp; &nbsp; &nbsp; &nbsp; digit\u00e1ln\u00ed bro\u017eura &nbsp; &nbsp; &nbsp; &nbsp; &nbsp; &nbsp; &nbsp; &nbsp; &nbsp; &nbsp; &nbsp; &nbsp; &nbsp; &nbsp; &nbsp; &nbsp; &nbsp; &nbsp; &nbsp; &nbsp; &nbsp; &nbsp; &nbsp; &nbsp; &nbsp; &nbsp; &nbsp; &nbsp; &nbsp; &nbsp; &nbsp; &nbsp; &nbsp; vizitky<\/p>\t\t\t\t\t\t\t\t<\/div>\n\t\t\t\t\t<\/div>\n\t\t\t\t<\/div>\n\t\t<div class=\"elementor-element elementor-element-ccd7898 e-grid e-con-boxed e-con e-parent\" data-id=\"ccd7898\" data-element_type=\"container\" data-e-type=\"container\" data-settings=\"{&quot;background_background&quot;:&quot;gradient&quot;}\">\n\t\t\t\t\t<div class=\"e-con-inner\">\n\t\t\t\t<div class=\"elementor-element elementor-element-b9f6f5f elementor-widget elementor-widget-video\" data-id=\"b9f6f5f\" data-element_type=\"widget\" data-e-type=\"widget\" data-settings=\"{&quot;video_type&quot;:&quot;hosted&quot;,&quot;autoplay&quot;:&quot;yes&quot;,&quot;play_on_mobile&quot;:&quot;yes&quot;,&quot;loop&quot;:&quot;yes&quot;,&quot;controls&quot;:&quot;yes&quot;}\" data-widget_type=\"video.default\">\n\t\t\t\t\t\t\t<div class=\"e-hosted-video elementor-wrapper elementor-open-inline\">\n\t\t\t\t\t<video class=\"elementor-video\" src=\"http:\/\/www.klackova-design.com\/wp-content\/uploads\/2026\/04\/iPhone-16-17-Pro-2-1.mp4\" autoplay=\"\" loop=\"\" controls=\"\" playsinline=\"\" controlsList=\"nodownload\"><\/video>\n\t\t\t\t<\/div>\n\t\t\t\t\t\t<\/div>\n\t\t\t\t<div class=\"elementor-element elementor-element-7b5dd0f elementor-widget elementor-widget-video\" data-id=\"7b5dd0f\" data-element_type=\"widget\" data-e-type=\"widget\" data-settings=\"{&quot;video_type&quot;:&quot;hosted&quot;,&quot;autoplay&quot;:&quot;yes&quot;,&quot;play_on_mobile&quot;:&quot;yes&quot;,&quot;loop&quot;:&quot;yes&quot;,&quot;controls&quot;:&quot;yes&quot;}\" data-widget_type=\"video.default\">\n\t\t\t\t\t\t\t<div class=\"e-hosted-video elementor-wrapper elementor-open-inline\">\n\t\t\t\t\t<video class=\"elementor-video\" src=\"http:\/\/www.klackova-design.com\/wp-content\/uploads\/2026\/04\/Animated-iPhone-mockups.mp4\" autoplay=\"\" loop=\"\" controls=\"\" playsinline=\"\" controlsList=\"nodownload\"><\/video>\n\t\t\t\t<\/div>\n\t\t\t\t\t\t<\/div>\n\t\t\t\t<div class=\"elementor-element elementor-element-58b149f elementor-widget elementor-widget-video\" data-id=\"58b149f\" data-element_type=\"widget\" data-e-type=\"widget\" data-settings=\"{&quot;video_type&quot;:&quot;hosted&quot;,&quot;autoplay&quot;:&quot;yes&quot;,&quot;play_on_mobile&quot;:&quot;yes&quot;,&quot;loop&quot;:&quot;yes&quot;,&quot;controls&quot;:&quot;yes&quot;}\" data-widget_type=\"video.default\">\n\t\t\t\t\t\t\t<div class=\"e-hosted-video elementor-wrapper elementor-open-inline\">\n\t\t\t\t\t<video class=\"elementor-video\" src=\"http:\/\/www.klackova-design.com\/wp-content\/uploads\/2026\/04\/iPhone-16-17-Pro-1-3.mov\" autoplay=\"\" loop=\"\" controls=\"\" playsinline=\"\" controlsList=\"nodownload\"><\/video>\n\t\t\t\t<\/div>\n\t\t\t\t\t\t<\/div>\n\t\t\t\t\t<\/div>\n\t\t\t\t<\/div>\n\t\t\t\t<\/div>\n\t\t","protected":false},"excerpt":{"rendered":"<p>Pro projekt Emergency Game jsem vytvo\u0159ila rebranding a komplexn\u00ed vizu\u00e1ln\u00ed identitu, kter\u00e1 v sob\u011b kombinuje adrenalin, strategii a p\u0159ehlednost. Z\u00e1kladem [&hellip;]<\/p>\n","protected":false},"author":1,"featured_media":0,"parent":0,"menu_order":0,"comment_status":"closed","ping_status":"closed","template":"","meta":{"site-sidebar-layout":"no-sidebar","site-content-layout":"","ast-site-content-layout":"full-width-container","site-content-style":"default","site-sidebar-style":"default","ast-global-header-display":"","ast-banner-title-visibility":"","ast-main-header-display":"","ast-hfb-above-header-display":"","ast-hfb-below-header-display":"","ast-hfb-mobile-header-display":"","site-post-title":"disabled","ast-breadcrumbs-content":"","ast-featured-img":"disabled","footer-sml-layout":"","ast-disable-related-posts":"","theme-transparent-header-meta":"","adv-header-id-meta":"","stick-header-meta":"","header-above-stick-meta":"","header-main-stick-meta":"","header-below-stick-meta":"","astra-migrate-meta-layouts":"default","ast-page-background-enabled":"default","ast-page-background-meta":{"desktop":{"background-color":"var(--ast-global-color-5)","background-image":"","background-repeat":"repeat","background-position":"center center","background-size":"auto","background-attachment":"scroll","background-type":"","background-media":"","overlay-type":"","overlay-color":"","overlay-opacity":"","overlay-gradient":""},"tablet":{"background-color":"","background-image":"","background-repeat":"repeat","background-position":"center center","background-size":"auto","background-attachment":"scroll","background-type":"","background-media":"","overlay-type":"","overlay-color":"","overlay-opacity":"","overlay-gradient":""},"mobile":{"background-color":"","background-image":"","background-repeat":"repeat","background-position":"center center","background-size":"auto","background-attachment":"scroll","background-type":"","background-media":"","overlay-type":"","overlay-color":"","overlay-opacity":"","overlay-gradient":""}},"ast-content-background-meta":{"desktop":{"background-color":"var(--ast-global-color-4)","background-image":"","background-repeat":"repeat","background-position":"center center","background-size":"auto","background-attachment":"scroll","background-type":"","background-media":"","overlay-type":"","overlay-color":"","overlay-opacity":"","overlay-gradient":""},"tablet":{"background-color":"var(--ast-global-color-4)","background-image":"","background-repeat":"repeat","background-position":"center center","background-size":"auto","background-attachment":"scroll","background-type":"","background-media":"","overlay-type":"","overlay-color":"","overlay-opacity":"","overlay-gradient":""},"mobile":{"background-color":"var(--ast-global-color-4)","background-image":"","background-repeat":"repeat","background-position":"center center","background-size":"auto","background-attachment":"scroll","background-type":"","background-media":"","overlay-type":"","overlay-color":"","overlay-opacity":"","overlay-gradient":""}},"_glsr_average":0,"_glsr_ranking":0,"_glsr_reviews":0,"footnotes":""},"class_list":["post-64","page","type-page","status-publish","hentry"],"_links":{"self":[{"href":"https:\/\/www.klackova-design.com\/index.php?rest_route=\/wp\/v2\/pages\/64","targetHints":{"allow":["GET"]}}],"collection":[{"href":"https:\/\/www.klackova-design.com\/index.php?rest_route=\/wp\/v2\/pages"}],"about":[{"href":"https:\/\/www.klackova-design.com\/index.php?rest_route=\/wp\/v2\/types\/page"}],"author":[{"embeddable":true,"href":"https:\/\/www.klackova-design.com\/index.php?rest_route=\/wp\/v2\/users\/1"}],"replies":[{"embeddable":true,"href":"https:\/\/www.klackova-design.com\/index.php?rest_route=%2Fwp%2Fv2%2Fcomments&post=64"}],"version-history":[{"count":55,"href":"https:\/\/www.klackova-design.com\/index.php?rest_route=\/wp\/v2\/pages\/64\/revisions"}],"predecessor-version":[{"id":196,"href":"https:\/\/www.klackova-design.com\/index.php?rest_route=\/wp\/v2\/pages\/64\/revisions\/196"}],"wp:attachment":[{"href":"https:\/\/www.klackova-design.com\/index.php?rest_route=%2Fwp%2Fv2%2Fmedia&parent=64"}],"curies":[{"name":"wp","href":"https:\/\/api.w.org\/{rel}","templated":true}]}}