{"id":43,"date":"2026-04-22T20:19:24","date_gmt":"2026-04-22T18:19:24","guid":{"rendered":"https:\/\/www.klackova-design.com\/?page_id=43"},"modified":"2026-04-27T22:26:20","modified_gmt":"2026-04-27T20:26:20","slug":"recenze","status":"publish","type":"page","link":"https:\/\/www.klackova-design.com\/?page_id=43","title":{"rendered":"Recenze"},"content":{"rendered":"\t\t<div data-elementor-type=\"wp-page\" data-elementor-id=\"43\" class=\"elementor elementor-43\">\n\t\t\t\t<div class=\"elementor-element elementor-element-0a22d78 e-flex e-con-boxed e-con e-parent\" data-id=\"0a22d78\" data-element_type=\"container\" data-e-type=\"container\">\n\t\t\t\t\t<div class=\"e-con-inner\">\n\t\t\t\t<div class=\"elementor-element elementor-element-397f242 elementor-widget elementor-widget-shortcode\" data-id=\"397f242\" data-element_type=\"widget\" data-e-type=\"widget\" data-widget_type=\"shortcode.default\">\n\t\t\t\t\t\t\t<div class=\"elementor-shortcode\"><div class=\"shortcode-site-reviews-form\"><div class=\"glsr glsr-default\" id=\"glsr_fpuxvjni\" data-from=\"shortcode\" data-shortcode=\"site_reviews_form\"><div class=\"glsr-form-wrap\">\n    <form class=\"glsr-form glsr-review-form\" method=\"post\" enctype=\"multipart\/form-data\">\n        <input type=\"hidden\" name=\"site-reviews[_action]\" value=\"submit-review\" \/>\n<input type=\"hidden\" name=\"site-reviews[_nonce]\" value=\"90081010c7\" \/>\n<input type=\"hidden\" name=\"site-reviews[_post_id]\" value=\"43\" \/>\n<input type=\"hidden\" name=\"site-reviews[_referer]\" value=\"\" \/>\n<input type=\"hidden\" name=\"site-reviews[assigned_posts]\" value=\"\" \/>\n<input type=\"hidden\" name=\"site-reviews[assigned_terms]\" value=\"\" \/>\n<input type=\"hidden\" name=\"site-reviews[assigned_users]\" value=\"\" \/>\n<input type=\"hidden\" name=\"site-reviews[excluded]\" value=\"\" \/>\n<input type=\"hidden\" name=\"site-reviews[form_id]\" value=\"glsr_fpuxvjni\" \/>\n<input type=\"hidden\" name=\"site-reviews[form_signature]\" value=\"tWuqbqzzljU-XAUtPTElSliWN6wszho8ihUiWwo_cATPooqf_AfP0B67u3squuq4x7AEYH7guG_bPCumFCbOMaEndJNxFfxwpWhGdfXyZwDYYA6kWV5uN4qNCQVa0JJp8l2ZW9Z4eWqfrosMleY7xozxIx3Z56DYa9awHnAhwx7aSTeg4Q0_gwrCNhYdgOZdEK3pdvrlpk4ga-B9XN_uI1OcJLx6BugLO6isFyXEeuduCJYbOUgeN4266oia66G5iv8iehnBQwgRiM1vF_5ZwqVhrp59UsOSx52Ml8DqIhUHQcuIbd744B9eM2i2OXZuXnsEnHteZnr4eanl9IBK1G1h0BNjzPSa4z_gUXoq9WzwkJxXACrzEuURoIh3QJqYAxf4h-wsGL1iH_hdRR_hPli1wdzv3zQpF5JrEL5MsoEtaDSr8QYjTOFj\" \/>\n<input type=\"hidden\" name=\"site-reviews[terms_exist]\" value=\"1\" \/>\n<div class=\"glsr-field\" style=\"display:none;\"><label for=\"site-reviews-76e13ee6-glsr_fpuxvjni\">Va\u0161e recenze<\/label><input type=\"text\" class=\"glsr-input glsr-input-text\" id=\"site-reviews-76e13ee6-glsr_fpuxvjni\" name=\"site-reviews[76e13ee6]\" value=\"\" \/><\/div>\n<div class=\"glsr-field glsr-field-rating glsr-required\" data-field=\"rating\" data-type=\"rating\">\n    <label class=\"glsr-label\" for=\"glsr_fpuxvjni-rating\">\n    <span>Va\u0161e celkov\u00e9 hodnocen\u00ed<\/span>\n<\/label>\n    <select class=\"browser-default disable-select glsr-select no-wrap no_wrap\" id=\"glsr_fpuxvjni-rating\" name=\"site-reviews[rating]\" required><option value=\"\">Vyberte va\u0161e hodnocen\u00ed<\/option><option value=\"5\">5 Stars<\/option><option value=\"4\">4 Stars<\/option><option value=\"3\">3 Stars<\/option><option value=\"2\">2 Stars<\/option><option value=\"1\">1 Star<\/option><\/select>\n    <div class=\"glsr-field-error\"><\/div>\n<\/div>\n<div class=\"glsr-field glsr-field-text glsr-required\" data-field=\"title\" data-type=\"text\">\n    <label class=\"glsr-label\" for=\"glsr_fpuxvjni-title\">\n    <span>N\u00e1zev recenze<\/span>\n<\/label>\n    <input type=\"text\" class=\"glsr-input glsr-input-text\" id=\"glsr_fpuxvjni-title\" name=\"site-reviews[title]\" required placeholder=\"Shrnut\u00ed va\u0161\u00ed recenze nebo nejlep\u0161\u00ed \u010di nejzaj\u00edmav\u011bj\u0161\u00ed detail na\u0161\u00ed spolupr\u00e1ce.\" value=\"\" \/>\n    <div class=\"glsr-field-error\"><\/div>\n<\/div>\n<div class=\"glsr-field glsr-field-textarea glsr-required\" data-field=\"content\" data-type=\"textarea\">\n    <label class=\"glsr-label\" for=\"glsr_fpuxvjni-content\">\n    <span>Va\u0161e recenze<\/span>\n<\/label>\n    <textarea class=\"glsr-textarea\" id=\"glsr_fpuxvjni-content\" name=\"site-reviews[content]\" required placeholder=\"Sem napi\u0161te va\u0161i recenzi\" rows=\"5\"><\/textarea>\n    <div class=\"glsr-field-error\"><\/div>\n<\/div>\n<div class=\"glsr-field glsr-field-text glsr-required\" data-field=\"name\" data-type=\"text\">\n    <label class=\"glsr-label\" for=\"glsr_fpuxvjni-name\">\n    <span>Va\u0161e jm\u00e9no\/n\u00e1zev firmy<\/span>\n<\/label>\n    <input type=\"text\" class=\"glsr-input glsr-input-text\" id=\"glsr_fpuxvjni-name\" name=\"site-reviews[name]\" required placeholder=\"Va\u0161e jm\u00e9no\" value=\"\" \/>\n    <div class=\"glsr-field-error\"><\/div>\n<\/div>\n<div class=\"glsr-field glsr-field-email glsr-required\" data-field=\"email\" data-type=\"email\">\n    <label class=\"glsr-label\" for=\"glsr_fpuxvjni-email\">\n    <span>V\u00e1\u0161 e-mail<\/span>\n<\/label>\n    <input type=\"email\" class=\"glsr-input glsr-input-email\" id=\"glsr_fpuxvjni-email\" name=\"site-reviews[email]\" required placeholder=\"V\u00e1\u0161 e-mail\" value=\"\" \/>\n    <div class=\"glsr-field-error\"><\/div>\n<\/div>\n<div class=\"glsr-field glsr-field-choice glsr-required\" data-field=\"terms\" data-type=\"toggle\">\n    \n    <div class=\"glsr-field-subgroup\">\n        <span class=\"glsr-field-toggle\">\n    <span>\n        <span class=\"glsr-toggle\"><input type=\"checkbox\" class=\"glsr-input-toggle\" id=\"glsr_fpuxvjni-terms-1\" name=\"site-reviews[terms]\" required value=\"1\" \/><span class=\"glsr-toggle-track\"><\/span><\/span>\n    <\/span>\n    <label for=\"glsr_fpuxvjni-terms-1\">Tato recenze je zalo\u017eena na m\u00e9 vlastn\u00ed zku\u0161enosti.<\/label>\n<\/span>\n    <\/div>\n    <div class=\"glsr-field-error\"><\/div>\n<\/div>\n        <div class=\"glsr-form-message\">\n    \n<\/div>\n        <div data-field=\"submit-button\">\n    <div class=\"wp-block-buttons is-layout-flex\">\n        <div class=\"wp-block-button\">\n            <button type=\"submit\" class=\"glsr-button wp-block-button__link wp-element-button\" aria-busy=\"false\" data-loading=\"Odes\u00edl\u00e1n\u00ed recenze...\">Odeslat recenzi<\/button>\n        <\/div>\n    <\/div>\n<\/div>\n    <\/form>\n<\/div><\/div><\/div><\/div>\n\t\t\t\t\t\t<\/div>\n\t\t\t\t\t<\/div>\n\t\t\t\t<\/div>\n\t\t<div class=\"elementor-element elementor-element-9fa8680 e-flex e-con-boxed e-con e-parent\" data-id=\"9fa8680\" data-element_type=\"container\" data-e-type=\"container\">\n\t\t\t\t\t<div class=\"e-con-inner\">\n\t\t\t\t<div class=\"elementor-element elementor-element-0758e39 elementor-widget elementor-widget-shortcode\" data-id=\"0758e39\" data-element_type=\"widget\" data-e-type=\"widget\" data-widget_type=\"shortcode.default\">\n\t\t\t\t\t\t\t<div class=\"elementor-shortcode\"><div class=\"shortcode-site-reviews\"><div class=\"glsr glsr-default\" id=\"glsr_bwfhozzh\" data-from=\"shortcode\" data-shortcode=\"site_reviews\"><div class=\"glsr-reviews-wrap\">\n    <div class=\"glsr-reviews\">\n        <div class=\"glsr-review\" data-id=\"211\" data-type=\"local\" id=\"review-211\" data-assigned='[]'>\n    <div class=\"glsr-review-title\"><h4 class=\"glsr-tag-value\">Test<\/h4><\/div>\n    <div class=\"glsr-review-rating\"><div class=\"glsr-star-rating glsr-stars\" role=\"img\" aria-label=\"Rated 5 out of 5 stars\" data-rating=\"5\" data-reviews=\"0\"><span class=\"glsr-star glsr-star-full\" aria-hidden=\"true\"><\/span><span class=\"glsr-star glsr-star-full\" aria-hidden=\"true\"><\/span><span class=\"glsr-star glsr-star-full\" aria-hidden=\"true\"><\/span><span class=\"glsr-star glsr-star-full\" aria-hidden=\"true\"><\/span><span class=\"glsr-star glsr-star-full\" aria-hidden=\"true\"><\/span><\/div><\/div> <div class=\"glsr-review-date\"><span class=\"glsr-tag-value\">27. 4. 2026<\/span><\/div>\n    \n    <div class=\"glsr-review-content\"><div class=\"glsr-tag-value\" data-expanded=\"false\"><p>Testovac\u00ed recenze<\/p><\/div><\/div>\n    <div class=\"glsr-review-avatar\"><img loading=\"lazy\" decoding=\"async\" style=\"width:40px; height:40px;\" alt=\"Avatar for Kate\u0159ina\" height=\"80\" loading=\"lazy\" src=\"https:\/\/www.klackova-design.com\/wp-content\/uploads\/site-reviews\/avatars\/KA.svg\" width=\"80\" \/><\/div>\n    <div class=\"glsr-review-author\"><span class=\"glsr-tag-value\">Kate\u0159ina<\/span><\/div>  \n    \n<\/div>\n    <\/div>\n    \n<\/div><\/div><\/div><\/div>\n\t\t\t\t\t\t<\/div>\n\t\t\t\t\t<\/div>\n\t\t\t\t<\/div>\n\t\t\t\t<\/div>\n\t\t","protected":false},"excerpt":{"rendered":"","protected":false},"author":1,"featured_media":0,"parent":0,"menu_order":0,"comment_status":"closed","ping_status":"closed","template":"","meta":{"site-sidebar-layout":"no-sidebar","site-content-layout":"","ast-site-content-layout":"full-width-container","site-content-style":"default","site-sidebar-style":"default","ast-global-header-display":"","ast-banner-title-visibility":"","ast-main-header-display":"","ast-hfb-above-header-display":"","ast-hfb-below-header-display":"","ast-hfb-mobile-header-display":"","site-post-title":"disabled","ast-breadcrumbs-content":"","ast-featured-img":"disabled","footer-sml-layout":"","ast-disable-related-posts":"","theme-transparent-header-meta":"","adv-header-id-meta":"","stick-header-meta":"","header-above-stick-meta":"","header-main-stick-meta":"","header-below-stick-meta":"","astra-migrate-meta-layouts":"default","ast-page-background-enabled":"default","ast-page-background-meta":{"desktop":{"background-color":"var(--ast-global-color-5)","background-image":"","background-repeat":"repeat","background-position":"center center","background-size":"auto","background-attachment":"scroll","background-type":"","background-media":"","overlay-type":"","overlay-color":"","overlay-opacity":"","overlay-gradient":""},"tablet":{"background-color":"","background-image":"","background-repeat":"repeat","background-position":"center center","background-size":"auto","background-attachment":"scroll","background-type":"","background-media":"","overlay-type":"","overlay-color":"","overlay-opacity":"","overlay-gradient":""},"mobile":{"background-color":"","background-image":"","background-repeat":"repeat","background-position":"center center","background-size":"auto","background-attachment":"scroll","background-type":"","background-media":"","overlay-type":"","overlay-color":"","overlay-opacity":"","overlay-gradient":""}},"ast-content-background-meta":{"desktop":{"background-color":"var(--ast-global-color-4)","background-image":"","background-repeat":"repeat","background-position":"center center","background-size":"auto","background-attachment":"scroll","background-type":"","background-media":"","overlay-type":"","overlay-color":"","overlay-opacity":"","overlay-gradient":""},"tablet":{"background-color":"var(--ast-global-color-4)","background-image":"","background-repeat":"repeat","background-position":"center center","background-size":"auto","background-attachment":"scroll","background-type":"","background-media":"","overlay-type":"","overlay-color":"","overlay-opacity":"","overlay-gradient":""},"mobile":{"background-color":"var(--ast-global-color-4)","background-image":"","background-repeat":"repeat","background-position":"center center","background-size":"auto","background-attachment":"scroll","background-type":"","background-media":"","overlay-type":"","overlay-color":"","overlay-opacity":"","overlay-gradient":""}},"_glsr_average":0,"_glsr_ranking":0,"_glsr_reviews":0,"footnotes":""},"class_list":["post-43","page","type-page","status-publish","hentry"],"_links":{"self":[{"href":"https:\/\/www.klackova-design.com\/index.php?rest_route=\/wp\/v2\/pages\/43","targetHints":{"allow":["GET"]}}],"collection":[{"href":"https:\/\/www.klackova-design.com\/index.php?rest_route=\/wp\/v2\/pages"}],"about":[{"href":"https:\/\/www.klackova-design.com\/index.php?rest_route=\/wp\/v2\/types\/page"}],"author":[{"embeddable":true,"href":"https:\/\/www.klackova-design.com\/index.php?rest_route=\/wp\/v2\/users\/1"}],"replies":[{"embeddable":true,"href":"https:\/\/www.klackova-design.com\/index.php?rest_route=%2Fwp%2Fv2%2Fcomments&post=43"}],"version-history":[{"count":5,"href":"https:\/\/www.klackova-design.com\/index.php?rest_route=\/wp\/v2\/pages\/43\/revisions"}],"predecessor-version":[{"id":210,"href":"https:\/\/www.klackova-design.com\/index.php?rest_route=\/wp\/v2\/pages\/43\/revisions\/210"}],"wp:attachment":[{"href":"https:\/\/www.klackova-design.com\/index.php?rest_route=%2Fwp%2Fv2%2Fmedia&parent=43"}],"curies":[{"name":"wp","href":"https:\/\/api.w.org\/{rel}","templated":true}]}}